{"id":17,"date":"2011-11-02T21:55:52","date_gmt":"2011-11-02T20:55:52","guid":{"rendered":"http:\/\/awidzisz.com.pl\/?page_id=17"},"modified":"2025-04-07T07:24:05","modified_gmt":"2025-04-07T06:24:05","slug":"a-widzisz","status":"publish","type":"page","link":"https:\/\/awidzisz.com.pl\/","title":{"rendered":"A widzisz.."},"content":{"rendered":"\n<p class=\"has-text-align-center has-black-color has-text-color\"><strong style=\"font-size: 16px;\">ZAPRASZAM DO ZAK\u0141ADU OPTYCZNEGO W KWIDZYNIE NA PROFESJONALNE BADANIE WZROKU, DOB\u00d3R KOREKCJI OKULAROWEJ,&nbsp;SOCZEWEK KONTAKTOWYCH ORAZ \u0106WICZENIA WZROKU<\/strong><\/p>\n\n\n\n<p>Je\u015bli:<\/p>\n\n\n\n<ul>\n<li>Tw\u00f3j wzrok jest dla ciebie wa\u017cny i szukasz osoby, kt\u00f3ra si\u0119 nim zajmie;<\/li>\n\n\n\n<li>masz problemy ze wzrokiem i szukasz osoby, kt\u00f3ra w profesjonalny spos\u00f3b je zdiagnozuje i doradzi Ci jak radzi\u0107 sobie z nimi;<\/li>\n\n\n\n<li>nie jeste\u015b pewien, czy okulary, kt\u00f3re nosisz w najlepszy spos\u00f3b koryguj\u0105 Twoj\u0105 wad\u0119 wzroku;<\/li>\n\n\n\n<li>zastanawiasz si\u0119 czy soczewki kontaktowe s\u0105 dobrym rozwi\u0105zaniem do korekcji Twojego wzroku;<\/li>\n\n\n\n<li>nie jeste\u015b pewien czy wzrok Twojego dziecka jest w dobrej kondycji (dzieci nie potrafi\u0105 obiektywnie okre\u015bli\u0107 tego, czy dobrze widz\u0105);<\/li>\n\n\n\n<li>zdarza Ci si\u0119 widzie\u0107 podw\u00f3jnie, zamazuje Ci si\u0119 obraz, po d\u0142u\u017cszym czytaniu lub je\u017adzie samochodem boli Ci\u0119 g\u0142owa.<\/li>\n<\/ul>\n\n\n\n<p class=\"has-text-align-center\"><strong>UM\u00d3W SI\u0118 NA BADANIE WZROKU DO OPTOMETRYSTY <\/strong><\/p>\n\n\n\n<p class=\"has-text-align-center\"><strong>(mgr Hanna Ju\u017awiak)<\/strong><\/p>\n\n\n\n<p class=\"has-text-align-center\"><strong>tel. 533 479 176<\/strong><\/p>\n\n\n<div class=\"wp-block-image\">\n<figure class=\"aligncenter\"><img loading=\"lazy\" decoding=\"async\" width=\"418\" height=\"279\" src=\"http:\/\/awidzisz.com.pl\/wp-content\/uploads\/2011\/11\/front3_m.jpg\" alt=\"\" class=\"wp-image-41\" title=\"Zak\u0142ad optyczny\" srcset=\"https:\/\/awidzisz.com.pl\/wp-content\/uploads\/2011\/11\/front3_m.jpg 418w, https:\/\/awidzisz.com.pl\/wp-content\/uploads\/2011\/11\/front3_m-300x200.jpg 300w\" sizes=\"(max-width: 418px) 100vw, 418px\" \/><\/figure><\/div>\n\n\n<p class=\"has-text-align-center\"><span class=\"Apple-style-span\" style=\"color: #000000; font-family: Georgia, 'Times New Roman', 'Bitstream Charter', Times, serif; font-size: 12px; line-height: 18px;\"><\/span><\/p>\n\n\n\n<p>Pami\u0119taj, \u017ce okulary to nie ostateczno\u015b\u0107, na kt\u00f3r\u0105 nale\u017cy si\u0119 decydowa\u0107 gdy ju\u017c nie da si\u0119 bez nich funkcjonowa\u0107. Prawid\u0142owo dobrane okulary mog\u0105 by\u0107 dla Ciebie pomoc\u0105, aby\u015b widzia\u0142 jeszcze lepiej i w wi\u0119kszym komforcie.<\/p>\n\n\n\n<p>Nie obiecujemy, \u017ce mo\u017cna&nbsp;zabra\u0107 wszystkie problemy zwi\u0105zane z Twoim wzrokiem, ale obiecujemy rzetelne badanie wzroku i pomoc w zrozumieniu problemu, &nbsp;jak r\u00f3wnie\u017c radzeniu sobie z nim.<\/p>\n\n\n<div class=\"wp-block-image\">\n<figure class=\"aligncenter\"><a href=\"http:\/\/awidzisz.com.pl\/wp-content\/uploads\/2011\/11\/unit_m2.jpeg\"><img loading=\"lazy\" decoding=\"async\" width=\"341\" height=\"480\" src=\"http:\/\/awidzisz.com.pl\/wp-content\/uploads\/2011\/11\/unit_m2.jpeg\" alt=\"\" class=\"wp-image-56\" title=\"stanowisko do badania wzroku\" srcset=\"https:\/\/awidzisz.com.pl\/wp-content\/uploads\/2011\/11\/unit_m2.jpeg 341w, https:\/\/awidzisz.com.pl\/wp-content\/uploads\/2011\/11\/unit_m2-213x300.jpg 213w\" sizes=\"(max-width: 341px) 100vw, 341px\" \/><\/a><\/figure><\/div>\n\n\n<p class=\"has-text-align-center\"><span class=\"Apple-style-span\" style=\"color: #000000; font-family: Georgia, 'Times New Roman', 'Bitstream Charter', Times, serif; line-height: 18px; font-size: 12px;\"><span class=\"Apple-style-span\" style=\"color: #444444; font-family: Georgia, 'Bitstream Charter', serif; line-height: 24px; font-size: 16px;\"><strong><\/strong><\/span><\/span><\/p>\n\n\n\n<div><span class=\"Apple-style-span\" style=\"color: #000000; font-family: Georgia, 'Times New Roman', 'Bitstream Charter', Times, serif; line-height: 18px; font-size: 12px;\"><span class=\"Apple-style-span\" style=\"color: #444444; font-family: Georgia, 'Bitstream Charter', serif; line-height: 24px; font-size: 16px;\">&nbsp;<\/span><\/span><\/div>\n","protected":false},"excerpt":{"rendered":"<p>ZAPRASZAM DO ZAK\u0141ADU OPTYCZNEGO W KWIDZYNIE NA PROFESJONALNE BADANIE WZROKU, DOB\u00d3R KOREKCJI OKULAROWEJ,&nbsp;SOCZEWEK KONTAKTOWYCH ORAZ \u0106WICZENIA WZROKU Je\u015bli: UM\u00d3W SI\u0118 NA BADANIE WZROKU DO OPTOMETRYSTY (mgr Hanna Ju\u017awiak) tel. 533 479 176 Pami\u0119taj, \u017ce okulary to nie ostateczno\u015b\u0107, na kt\u00f3r\u0105 &hellip; <a href=\"https:\/\/awidzisz.com.pl\/\">Czytaj dalej <span class=\"meta-nav\">&rarr;<\/span><\/a><\/p>\n","protected":false},"author":2,"featured_media":0,"parent":0,"menu_order":0,"comment_status":"open","ping_status":"closed","template":"","meta":{"footnotes":""},"psp_head":"<title>A widzisz.. \u2013 A widzisz . . . ?<\/title>\r\n<meta name=\"description\" content=\"ZAPRASZAM DO ZAK\u0141ADU OPTYCZNEGO W KWIDZYNIE NA PROFESJONALNE BADANIE WZROKU, DOB\u00d3R KOREKCJI OKULAROWEJ,&nbsp;SOCZEWEK KONTAKTOWYCH ORAZ \u0106WICZENIA WZROKU Je\u015bli: Tw\u00f3j wzrok jest dla ciebie wa\u017cny i szukasz osoby, kt\u00f3ra si\u0119 nim zajmie; masz problemy ze wzrokiem i szukasz osoby, kt\u00f3ra w profesjonalny spos\u00f3b je zdiagnozuje i doradzi Ci jak radzi\u0107 sobie z nimi; nie jeste\u015b pewien, czy okulary, kt\u00f3re nosisz w najlepszy spos\u00f3b koryguj\u0105 Twoj\u0105 wad\u0119 wzroku; zastanawiasz si\u0119 czy soczewki kontaktowe s\u0105 dobrym rozwi\u0105zaniem do korekcji Twojego wzroku; nie jeste\u015b pewien czy wzrok Twojego dziecka jest w dobrej kondycji (dzieci nie potrafi\u0105 obiektywnie okre\u015bli\u0107 tego, czy dobrze widz\u0105); zdarza Ci si\u0119 widzie\u0107 podw\u00f3jnie, zamazuje Ci si\u0119 obraz, po d\u0142u\u017cszym czytaniu lub je\u017adzie samochodem boli Ci\u0119 g\u0142owa.\" \/>\r\n<meta name=\"robots\" content=\"index,follow\" \/>\r\n<link rel=\"canonical\" href=\"https:\/\/awidzisz.com.pl\/\" \/>\r\n","_links":{"self":[{"href":"https:\/\/awidzisz.com.pl\/index.php?rest_route=\/wp\/v2\/pages\/17"}],"collection":[{"href":"https:\/\/awidzisz.com.pl\/index.php?rest_route=\/wp\/v2\/pages"}],"about":[{"href":"https:\/\/awidzisz.com.pl\/index.php?rest_route=\/wp\/v2\/types\/page"}],"author":[{"embeddable":true,"href":"https:\/\/awidzisz.com.pl\/index.php?rest_route=\/wp\/v2\/users\/2"}],"replies":[{"embeddable":true,"href":"https:\/\/awidzisz.com.pl\/index.php?rest_route=%2Fwp%2Fv2%2Fcomments&post=17"}],"version-history":[{"count":128,"href":"https:\/\/awidzisz.com.pl\/index.php?rest_route=\/wp\/v2\/pages\/17\/revisions"}],"predecessor-version":[{"id":640,"href":"https:\/\/awidzisz.com.pl\/index.php?rest_route=\/wp\/v2\/pages\/17\/revisions\/640"}],"wp:attachment":[{"href":"https:\/\/awidzisz.com.pl\/index.php?rest_route=%2Fwp%2Fv2%2Fmedia&parent=17"}],"curies":[{"name":"wp","href":"https:\/\/api.w.org\/{rel}","templated":true}]}}